{"id":23650,"date":"2023-01-15T19:14:40","date_gmt":"2023-01-15T18:14:40","guid":{"rendered":"https:\/\/www.campobaeza.com\/?page_id=23650"},"modified":"2023-01-15T19:38:43","modified_gmt":"2023-01-15T18:38:43","slug":"politica-de-cookies","status":"publish","type":"page","link":"https:\/\/www.campobaeza.com\/es\/politica-de-cookies\/","title":{"rendered":"Politica de Cookies"},"content":{"rendered":"<p><b>Pol\u00edtica de Cookies estudio Campo Baeza<\/b><\/p>\n<p>En cumplimiento con el art\u00edculo 22 de la Ley 34\/2002, de 11 de julio, de servicios de la sociedad de la informaci\u00f3n y de comercio electr\u00f3nico (LSSI), en relaci\u00f3n con el Reglamento (UE) 2016\/679 del Parlamento Europeo y del Consejo, de 27 de abril de 2016, General de Protecci\u00f3n de Datos (RGPD) y la Ley Org\u00e1nica 3\/2018, de 5 de diciembre, de Protecci\u00f3n de Datos y garant\u00eda de los derechos digitales (LOPDGDD), Estudio Campo Baeza. pone a disposici\u00f3n de los usuarios la Pol\u00edtica de recogida y tratamiento de cookies del sitio Web.<\/p>\n<p><b>Qu\u00e9 son las Cookies<\/b><\/p>\n<p>Una cookie es un fichero que se descarga en tu ordenador al entrar a determinadas p\u00e1ginas web. Las cookies permiten a una p\u00e1gina web, entre otras cosas, almacenar y recuperar informaci\u00f3n sobre tus h\u00e1bitos de navegaci\u00f3n y \u2014dependiendo de la informaci\u00f3n que contengan y de la forma en que utilices tu equipo\u2014 pueden utilizarse para identificarte.<\/p>\n<p><b>Cookies utilizadas en el sitio Web<\/b><\/p>\n<p>A continuaci\u00f3n se clasifican las cookies utilizadas por el sitio Web\u00a0https:\/\/www.campobaeza.com<\/p>\n<p><b>Seg\u00fan la entidad que las gestiona<\/b><\/p>\n<ul>\n<li><b><\/b><b> Cookies propias:<\/b>\u00a0Son aquellas enviadas y gestionadas directamente por Estudio Campo Baeza<b> <\/b><\/li>\n<li><b><\/b><b>Cookies de terceros:<\/b>\u00a0Son aquellas que se env\u00edan al usuario desde un dominio ajeno a Estudio Campo Baeza<\/li>\n<\/ul>\n<p><b>Seg\u00fan su finalidad<\/b><\/p>\n<ul>\n<li><b><\/b><b> Cookies t\u00e9cnicas:<\/b>\u00a0Son aquellas que permiten a los usuarios registrados navegar a trav\u00e9s del sitio Web, del \u00e1rea restringida y a utilizar sus diferentes funciones, como por ejemplo, el sistema de comentarios o el buscador o llevar a cabo el proceso de compra de un Producto o Servicio.<\/li>\n<li><b><\/b><b> Cookies de personalizaci\u00f3n:<\/b>\u00a0Son aquellas que permiten a los usuarios acceder al Servicio con algunas caracter\u00edsticas de car\u00e1cter general predefinidas en funci\u00f3n de una serie de criterios establecidos por el usuario como, por ejemplo, el idioma o el tipo de navegador a trav\u00e9s del cual se conecta a este sitio Web.<\/li>\n<li><b><\/b><b> Cookies de an\u00e1lisis o medici\u00f3n:<\/b>\u00a0Son aquellas que, bien tratadas por el sitio Web o por terceros, permiten cuantificar el n\u00famero de usuarios y as\u00ed realizar la medici\u00f3n y an\u00e1lisis estad\u00edstico de la utilizaci\u00f3n que hacen los usuarios del sitio Web. Para ello se analiza la navegaci\u00f3n que realizas en este sitio Web con el fin de mejorarlo.<\/li>\n<li><b><\/b><b> Cookies sociales:<\/b>\u00a0Son establecidas por las plataformas de redes sociales para permitir a los usuarios compartir contenido con sus amigos y redes.<\/li>\n<\/ul>\n<p><b>Seg\u00fan su duraci\u00f3n<\/b><\/p>\n<ul>\n<li><b><\/b><b> Cookies de sesi\u00f3n:<\/b>\u00a0Son aquellas dise\u00f1adas para recabar y almacenar datos mientras el usuario accede al sitio Web.<\/li>\n<li><b><\/b><b> Cookies persistentes:<\/b>\u00a0Son aquellas en las que los datos siguen almacenados en el terminal del usuario y pueden ser accedidos y tratados durante un per\u00edodo definido por el responsable de la cookie.<\/li>\n<\/ul>\n<p><b>Listado de cookies utilizadas<\/b><\/p>\n<p>Este sitio Web puede instalar las siguientes cookies:<\/p>\n<p><b>Cookies t\u00e9cnicas<span class=\"Apple-converted-space\">\u00a0<\/span><\/b><\/p>\n<ul>\n<li><b><\/b><b> wp-settings-{user_id}:<\/b>\u00a0Cookie t\u00e9cnica que se usa para mantener la configuraci\u00f3n del usuario en wp-admin. Es persistente y tiene una duraci\u00f3n de 1 a\u00f1o.<\/li>\n<li><b><\/b><b> hasConsent:<\/b>\u00a0Cookie t\u00e9cnica que almacena el consentimiento del usuario. Es persistente y tiene una duraci\u00f3n de 1 a\u00f1o.<\/li>\n<li><strong>wp-wpml_current_language<\/strong><br \/>\nEsta Cookie se usa para determinar el idioma de la traducci\u00f3n<br \/>\nCategor\u00eda: Funcional.<br \/>\nDuraci\u00f3n: session.<br \/>\nPol\u00edtica de privacidad: <a href=\"N\/A\" rel=\"nofollow\">N\/A<\/a><\/li>\n<li><strong>PHPSESSID<\/strong><br \/>\nCookie generated by applications based on the PHP language. This is a general purpose identifier used to maintain user session variables. It is normally a random generated number, how it is used can be specific to the site, but a good example is maintaining a logged-in status for a user between pages.<br \/>\nCategor\u00eda: Funcional.<br \/>\nDuraci\u00f3n: Sessions.<br \/>\nPol\u00edtica de privacidad: <a href=\"https:\/\/www.php.net\/privacy.php\" rel=\"nofollow\">https:\/\/www.php.net\/privacy.php<\/a><\/li>\n<li><\/li>\n<\/ul>\n<p><b>Cookies de an\u00e1lisis o medici\u00f3n<\/b><\/p>\n<ul>\n<li><strong>__utma<\/strong><br \/>\nID used to identify users and sessions<br \/>\nCategor\u00eda: Analytics.<br \/>\nDuraci\u00f3n: 2 years after last activity.<br \/>\nPol\u00edtica de privacidad: <a href=\"https:\/\/privacy.google.com\/take-control.html\" rel=\"nofollow\">https:\/\/privacy.google.com\/take-control.html<\/a><\/li>\n<li><strong>__utmb<\/strong><br \/>\nUsed to distinguish new sessions and visits. This cookie is set when the GA.js javascript library is loaded and there is no existing __utmb cookie. The cookie is updated every time data is sent to the Google Analytics server.<br \/>\nCategor\u00eda: Analytics.<br \/>\nDuraci\u00f3n: 30 minutes after last activity.<br \/>\nPol\u00edtica de privacidad: <a href=\"https:\/\/privacy.google.com\/take-control.html\" rel=\"nofollow\">https:\/\/privacy.google.com\/take-control.html<\/a><\/li>\n<li><strong>__utmc<\/strong><br \/>\nUsed only with old Urchin versions of Google Analytics and not with GA.js. Was used to distinguish between new sessions and visits at the end of a session.<br \/>\nCategor\u00eda: Analytics.<br \/>\nDuraci\u00f3n: End of session (browser).<br \/>\nPol\u00edtica de privacidad: <a href=\"https:\/\/privacy.google.com\/take-control.html\" rel=\"nofollow\">https:\/\/privacy.google.com\/take-control.html<\/a><\/li>\n<li><strong>__utmz<\/strong><br \/>\nContains information about the traffic source or campaign that directed user to the website. The cookie is set when the GA.js javascript is loaded and updated when data is sent to the Google Anaytics server<br \/>\nCategor\u00eda: Analytics.<br \/>\nDuraci\u00f3n: 6 months after last activity.<br \/>\nPol\u00edtica de privacidad: <a href=\"https:\/\/privacy.google.com\/take-control.html\" rel=\"nofollow\">https:\/\/privacy.google.com\/take-control.html<\/a><\/li>\n<li><strong>_ga<\/strong><br \/>\nID used to identify users<br \/>\nCategor\u00eda: Analytics.<br \/>\nDuraci\u00f3n: 2 years.<br \/>\nPol\u00edtica de privacidad: <a href=\"https:\/\/privacy.google.com\/take-control.html\" rel=\"nofollow\">https:\/\/privacy.google.com\/take-control.html<\/a><\/li>\n<li><strong>_ga_LG5HDD4WFX<\/strong><\/li>\n<li><strong>wordpress_test_cookie<\/strong><br \/>\nCookie set by WordPress to check if the cookies are enabled on the browser to provide appropriate user experience to the users<br \/>\nCategor\u00eda: Functional.<br \/>\nDuraci\u00f3n: session.<br \/>\nPol\u00edtica de privacidad: <a href=\"N\/A\" rel=\"nofollow\">N\/A<\/a><\/li>\n<li><strong>wp-wpml_current_admin_language_d41d8cd98f00b204e9800998ecf8427e<\/strong><\/li>\n<\/ul>\n<p>Informaci\u00f3n adicional:<\/p>\n<ul>\n<li>En la p\u00e1gina\u00a0<a href=\"https:\/\/www.facebook.com\/policies\/cookies\/\">Pol\u00edtica de Cookies de Facebook<\/a>\u00a0obtendr\u00e1s obt\u00e9n m\u00e1s informaci\u00f3n sobre el uso de las cookies por parte de Facebook.<\/li>\n<li>Google Analytics puede instalar otras cookies seg\u00fan el documento\u00a0<a href=\"https:\/\/developers.google.com\/analytics\/devguides\/collection\/analyticsjs\/cookie-usage?hl=es\">Uso de las cookies de Google Analytics en sitios web<\/a>.<\/li>\n<\/ul>\n<p><b>Cookies sociales<\/b><\/p>\n<ul>\n<li>El sitio Web incluye otras funcionalidades proporcionadas por servicios de terceros y redes sociales para mejorar la experiencia de los visitantes. Puedes compartir el contenido en sus redes sociales como \u00abFacebook\u00bb, \u00abTwitter\u00bb, \u00abInstagram\u00bb, \u00abVimeo\u00bb o \u00abYouTube\u00bb con los botones incluidos a tal efecto o con las herramientas para compartir propias de las redes sociales. Como resultado, estos servicios pueden instalar cookies y utilizarlas para rastrear tu actividad online. No tenemos control directo sobre la informaci\u00f3n recopilada por estas cookies.<\/li>\n<\/ul>\n<p>El sitio Web puede instalar otras cookies:<\/p>\n<p>_ga<br \/>\n_gid<br \/>\nwordpress_test_cookie<br \/>\nwp-settings-*<\/p>\n<p><b>Aceptaci\u00f3n o rechazo de la instalaci\u00f3n de cookies<\/b><\/p>\n<p>Estudio Campo Baeza muestra informaci\u00f3n sobre su Pol\u00edtica de cookies en el banner de cookies accesible en todas las p\u00e1ginas del Sitio Web. El banner de cookies muestra informaci\u00f3n esencial sobre el tratamiento de datos y permite al usuario realizar las siguientes acciones:<\/p>\n<ul>\n<li><b><\/b><b> Aceptar o rechazar la instalaci\u00f3n de cookies<\/b>, o retirar el consentimiento previamente otorgado.<\/li>\n<li><b><\/b><b> Cambiar las preferencias de cookies<\/b>\u00a0desde la p\u00e1gina\u00a0<a href=\"https:\/\/www.unimac.es\/personalizar-cookies\/\">Personalizar Cookies<\/a>, a la que puedes acceder desde el Aviso de Cookies.<\/li>\n<li><b><\/b><b> Obtener informaci\u00f3n adicional<\/b>\u00a0sobre la Pol\u00edtica de Cookies desde la p\u00e1gina\u00a0<a href=\"https:\/\/www.unimac.es\/politica-de-cookies\/\">Pol\u00edtica de cookies<\/a>.<\/li>\n<\/ul>\n<p><b>Eliminaci\u00f3n de cookies<\/b><\/p>\n<p>Puedes aceptar, bloquear o eliminar las cookies instaladas en tu equipo mediante la configuraci\u00f3n de las opciones del navegador, pero parte del sitio no funcionar\u00e1 correctamente o su calidad puede verse afectada.<\/p>\n<p>En los siguientes enlaces encontrar\u00e1s instrucciones para habilitar o deshabilitar las cookies en los navegadores m\u00e1s comunes.<\/p>\n<ul>\n<li><b><\/b><b> Firefox<\/b>\u00a0\u00a0<a href=\"http:\/\/support.mozilla.org\/es\/kb\/habilitar-y-deshabilitar-cookies-que-los-sitios-we\">http:\/\/support.mozilla.org\/es\/kb\/habilitar-y-deshabilitar-cookies-que-los-sitios-we<\/a><\/li>\n<li><b><\/b><b> Google Chrome<\/b>\u00a0<a href=\"https:\/\/support.google.com\/chrome\/answer\/95647?hl=es\">https:\/\/support.google.com\/chrome\/answer\/95647?hl=es<\/a><\/li>\n<li><b><\/b><b> Internet Explorer<\/b>\u00a0<a href=\"https:\/\/support.microsoft.com\/es-es\/help\/17442\/windows-internet-explorer-delete-manage-cookies%23ie=%2522ie-10%2522\">https:\/\/support.microsoft.com\/es-es\/help\/17442\/windows-internet-explorer-delete-manage-cookies#ie=\u00bbie-10&#8243;<\/a><\/li>\n<li><b><\/b><b> Microsoft Edge<\/b>\u00a0<a href=\"https:\/\/support.microsoft.com\/es-es\/help\/4468242\/microsoft-edge-browsing-data-and-privacy\">https:\/\/support.microsoft.com\/es-es\/help\/4468242\/microsoft-edge-browsing-data-and-privacy<\/a><\/li>\n<li><b><\/b><b> Safari<\/b>\u00a0<a href=\"http:\/\/support.apple.com\/kb\/HT1677?viewlocale=es_ES\">http:\/\/support.apple.com\/kb\/HT1677?viewlocale=es_ES<\/a><\/li>\n<\/ul>\n<p><b>Tratamiento de Datos Personales<\/b><\/p>\n<p>Estudio Campo Baeza es el Responsable del tratamiento de los datos personales del usuario. Puedes consultar toda la informaci\u00f3n relativa al tratamiento de datos personales que recoge el Titular en la p\u00e1gina de\u00a0<a href=\"https:\/\/www.unimac.es\/aviso-legal\/\">Pol\u00edtica de Privacidad<\/a>.<\/p>\n<p><b>Contacto<\/b><\/p>\n<p>En caso de que tengas cualquier duda acerca de esta Pol\u00edtica de Cookies o quieras realizar cualquier comentario sobre este sitio Web, puedes enviar un mensaje de correo electr\u00f3nico a la direcci\u00f3n <a href=\"mailto:estudio@campobaeza.com\">estudio@campobaeza.com<\/a><\/p>\n","protected":false},"excerpt":{"rendered":"<p>Pol\u00edtica de Cookies estudio Campo Baeza En cumplimiento con el [&hellip;]<\/p>\n","protected":false},"author":10000089,"featured_media":0,"parent":0,"menu_order":0,"comment_status":"closed","ping_status":"closed","template":"","meta":{"_acf_changed":false,"footnotes":""},"class_list":["post-23650","page","type-page","status-publish","hentry"],"acf":[],"yoast_head":"<!-- This site is optimized with the Yoast SEO plugin v27.3 - https:\/\/yoast.com\/product\/yoast-seo-wordpress\/ -->\n<title>Politica de Cookies - Alberto Campo Baeza<\/title>\n<meta name=\"robots\" content=\"index, follow, max-snippet:-1, max-image-preview:large, max-video-preview:-1\" \/>\n<link rel=\"canonical\" href=\"https:\/\/www.campobaeza.com\/es\/politica-de-cookies\/\" \/>\n<meta property=\"og:locale\" content=\"es_ES\" \/>\n<meta property=\"og:type\" content=\"article\" \/>\n<meta property=\"og:title\" content=\"Politica de Cookies - Alberto Campo Baeza\" \/>\n<meta property=\"og:description\" content=\"Pol\u00edtica de Cookies estudio Campo Baeza En cumplimiento con el [&hellip;]\" \/>\n<meta property=\"og:url\" content=\"https:\/\/www.campobaeza.com\/es\/politica-de-cookies\/\" \/>\n<meta property=\"og:site_name\" content=\"Alberto Campo Baeza\" \/>\n<meta property=\"article:modified_time\" content=\"2023-01-15T18:38:43+00:00\" \/>\n<meta name=\"twitter:card\" content=\"summary_large_image\" \/>\n<meta name=\"twitter:site\" content=\"@ACampoBaeza\" \/>\n<meta name=\"twitter:label1\" content=\"Tiempo de lectura\" \/>\n\t<meta name=\"twitter:data1\" content=\"6 minutos\" \/>\n<script type=\"application\/ld+json\" class=\"yoast-schema-graph\">{\"@context\":\"https:\\\/\\\/schema.org\",\"@graph\":[{\"@type\":\"WebPage\",\"@id\":\"https:\\\/\\\/www.campobaeza.com\\\/es\\\/politica-de-cookies\\\/\",\"url\":\"https:\\\/\\\/www.campobaeza.com\\\/es\\\/politica-de-cookies\\\/\",\"name\":\"Politica de Cookies - Alberto Campo Baeza\",\"isPartOf\":{\"@id\":\"https:\\\/\\\/www.campobaeza.com\\\/#website\"},\"datePublished\":\"2023-01-15T18:14:40+00:00\",\"dateModified\":\"2023-01-15T18:38:43+00:00\",\"breadcrumb\":{\"@id\":\"https:\\\/\\\/www.campobaeza.com\\\/es\\\/politica-de-cookies\\\/#breadcrumb\"},\"inLanguage\":\"es\",\"potentialAction\":[{\"@type\":\"ReadAction\",\"target\":[\"https:\\\/\\\/www.campobaeza.com\\\/es\\\/politica-de-cookies\\\/\"]}]},{\"@type\":\"BreadcrumbList\",\"@id\":\"https:\\\/\\\/www.campobaeza.com\\\/es\\\/politica-de-cookies\\\/#breadcrumb\",\"itemListElement\":[{\"@type\":\"ListItem\",\"position\":1,\"name\":\"Portada\",\"item\":\"https:\\\/\\\/www.campobaeza.com\\\/es\\\/\"},{\"@type\":\"ListItem\",\"position\":2,\"name\":\"Politica de Cookies\"}]},{\"@type\":\"WebSite\",\"@id\":\"https:\\\/\\\/www.campobaeza.com\\\/#website\",\"url\":\"https:\\\/\\\/www.campobaeza.com\\\/\",\"name\":\"Alberto Campo Baeza\",\"description\":\"Estudio de Arquitectura de Alberto Campo Baeza\",\"publisher\":{\"@id\":\"https:\\\/\\\/www.campobaeza.com\\\/#organization\"},\"potentialAction\":[{\"@type\":\"SearchAction\",\"target\":{\"@type\":\"EntryPoint\",\"urlTemplate\":\"https:\\\/\\\/www.campobaeza.com\\\/?s={search_term_string}\"},\"query-input\":{\"@type\":\"PropertyValueSpecification\",\"valueRequired\":true,\"valueName\":\"search_term_string\"}}],\"inLanguage\":\"es\"},{\"@type\":\"Organization\",\"@id\":\"https:\\\/\\\/www.campobaeza.com\\\/#organization\",\"name\":\"Estudio de Arquitectura Campo Baeza S. L. P.\",\"url\":\"https:\\\/\\\/www.campobaeza.com\\\/\",\"logo\":{\"@type\":\"ImageObject\",\"inLanguage\":\"es\",\"@id\":\"https:\\\/\\\/www.campobaeza.com\\\/#\\\/schema\\\/logo\\\/image\\\/\",\"url\":\"https:\\\/\\\/www.campobaeza.com\\\/wp-content\\\/uploads\\\/2017\\\/03\\\/Logo-Alberto-01.jpg\",\"contentUrl\":\"https:\\\/\\\/www.campobaeza.com\\\/wp-content\\\/uploads\\\/2017\\\/03\\\/Logo-Alberto-01.jpg\",\"width\":2362,\"height\":2362,\"caption\":\"Estudio de Arquitectura Campo Baeza S. L. P.\"},\"image\":{\"@id\":\"https:\\\/\\\/www.campobaeza.com\\\/#\\\/schema\\\/logo\\\/image\\\/\"},\"sameAs\":[\"https:\\\/\\\/x.com\\\/ACampoBaeza\",\"https:\\\/\\\/www.instagram.com\\\/acampobaeza\",\"https:\\\/\\\/www.youtube.com\\\/channel\\\/UC3y9inL5nDYCB44h2Lf1E6Q?view_as=subscriber\"]}]}<\/script>\n<!-- \/ Yoast SEO plugin. -->","yoast_head_json":{"title":"Politica de Cookies - Alberto Campo Baeza","robots":{"index":"index","follow":"follow","max-snippet":"max-snippet:-1","max-image-preview":"max-image-preview:large","max-video-preview":"max-video-preview:-1"},"canonical":"https:\/\/www.campobaeza.com\/es\/politica-de-cookies\/","og_locale":"es_ES","og_type":"article","og_title":"Politica de Cookies - Alberto Campo Baeza","og_description":"Pol\u00edtica de Cookies estudio Campo Baeza En cumplimiento con el [&hellip;]","og_url":"https:\/\/www.campobaeza.com\/es\/politica-de-cookies\/","og_site_name":"Alberto Campo Baeza","article_modified_time":"2023-01-15T18:38:43+00:00","twitter_card":"summary_large_image","twitter_site":"@ACampoBaeza","twitter_misc":{"Tiempo de lectura":"6 minutos"},"schema":{"@context":"https:\/\/schema.org","@graph":[{"@type":"WebPage","@id":"https:\/\/www.campobaeza.com\/es\/politica-de-cookies\/","url":"https:\/\/www.campobaeza.com\/es\/politica-de-cookies\/","name":"Politica de Cookies - Alberto Campo Baeza","isPartOf":{"@id":"https:\/\/www.campobaeza.com\/#website"},"datePublished":"2023-01-15T18:14:40+00:00","dateModified":"2023-01-15T18:38:43+00:00","breadcrumb":{"@id":"https:\/\/www.campobaeza.com\/es\/politica-de-cookies\/#breadcrumb"},"inLanguage":"es","potentialAction":[{"@type":"ReadAction","target":["https:\/\/www.campobaeza.com\/es\/politica-de-cookies\/"]}]},{"@type":"BreadcrumbList","@id":"https:\/\/www.campobaeza.com\/es\/politica-de-cookies\/#breadcrumb","itemListElement":[{"@type":"ListItem","position":1,"name":"Portada","item":"https:\/\/www.campobaeza.com\/es\/"},{"@type":"ListItem","position":2,"name":"Politica de Cookies"}]},{"@type":"WebSite","@id":"https:\/\/www.campobaeza.com\/#website","url":"https:\/\/www.campobaeza.com\/","name":"Alberto Campo Baeza","description":"Estudio de Arquitectura de Alberto Campo Baeza","publisher":{"@id":"https:\/\/www.campobaeza.com\/#organization"},"potentialAction":[{"@type":"SearchAction","target":{"@type":"EntryPoint","urlTemplate":"https:\/\/www.campobaeza.com\/?s={search_term_string}"},"query-input":{"@type":"PropertyValueSpecification","valueRequired":true,"valueName":"search_term_string"}}],"inLanguage":"es"},{"@type":"Organization","@id":"https:\/\/www.campobaeza.com\/#organization","name":"Estudio de Arquitectura Campo Baeza S. L. P.","url":"https:\/\/www.campobaeza.com\/","logo":{"@type":"ImageObject","inLanguage":"es","@id":"https:\/\/www.campobaeza.com\/#\/schema\/logo\/image\/","url":"https:\/\/www.campobaeza.com\/wp-content\/uploads\/2017\/03\/Logo-Alberto-01.jpg","contentUrl":"https:\/\/www.campobaeza.com\/wp-content\/uploads\/2017\/03\/Logo-Alberto-01.jpg","width":2362,"height":2362,"caption":"Estudio de Arquitectura Campo Baeza S. L. P."},"image":{"@id":"https:\/\/www.campobaeza.com\/#\/schema\/logo\/image\/"},"sameAs":["https:\/\/x.com\/ACampoBaeza","https:\/\/www.instagram.com\/acampobaeza","https:\/\/www.youtube.com\/channel\/UC3y9inL5nDYCB44h2Lf1E6Q?view_as=subscriber"]}]}},"_links":{"self":[{"href":"https:\/\/www.campobaeza.com\/es\/wp-json\/wp\/v2\/pages\/23650","targetHints":{"allow":["GET"]}}],"collection":[{"href":"https:\/\/www.campobaeza.com\/es\/wp-json\/wp\/v2\/pages"}],"about":[{"href":"https:\/\/www.campobaeza.com\/es\/wp-json\/wp\/v2\/types\/page"}],"author":[{"embeddable":true,"href":"https:\/\/www.campobaeza.com\/es\/wp-json\/wp\/v2\/users\/10000089"}],"replies":[{"embeddable":true,"href":"https:\/\/www.campobaeza.com\/es\/wp-json\/wp\/v2\/comments?post=23650"}],"version-history":[{"count":0,"href":"https:\/\/www.campobaeza.com\/es\/wp-json\/wp\/v2\/pages\/23650\/revisions"}],"wp:attachment":[{"href":"https:\/\/www.campobaeza.com\/es\/wp-json\/wp\/v2\/media?parent=23650"}],"curies":[{"name":"wp","href":"https:\/\/api.w.org\/{rel}","templated":true}]}}