{"id":26655,"date":"2025-02-03T09:11:00","date_gmt":"2025-02-03T08:11:00","guid":{"rendered":"https:\/\/www.campobaeza.com\/?page_id=26655"},"modified":"2026-03-26T14:02:09","modified_gmt":"2026-03-26T13:02:09","slug":"biografia-2","status":"publish","type":"page","link":"https:\/\/www.campobaeza.com\/es\/biografia-2\/","title":{"rendered":"Biograf\u00eda"},"content":{"rendered":"\n<p>Naci\u00f3 en Valladolid, donde su abuelo era arquitecto, vivi\u00f3 desde los dos a\u00f1os en C\u00e1diz, ciudad en que vio la Luz.<\/p>\n\n\n\n<p>Es Catedr\u00e1tico de Proyectos en la Escuela de Arquitectura de Madrid, ETSAM, en la que ha sido profesor durante m\u00e1s de 35 a\u00f1os. Ha impartido clases en la ETH de Z\u00farich y en la EPFL de Lausanne, en la Universidad de Pennsylvania en Filadelfia, la Bauhaus de Weimar, en la Kansas State University, en la CUA University de Washington y en 2016, en L\u2019Ecole d\u2019Architecture in Tournai, B\u00e9lgica. En 2017 fue nombrado Clarkson Visiting Chair in Architecture. En 2018, ha ense\u00f1ado en la Universidad de de Viena. Desde 2023 dirige un curso anual en la Real Academia de Bellas Artes de San Fernando.<\/p>\n\n\n\n<p>Ha impartido conferencias por todo el mundo, y ha recibido premios como el Torroja por Caja Granada o el Premio a la Excelencia Docente de la Universidad Polit\u00e9cnica de Madrid. En 2013 recibi\u00f3 la Heinrich Tessenow Gold Medal de la Tessenow Society, Hamburgo, el Arnold W. Brunner Memorial Prize de la American Academy of Arts and Letters, el International Award Architecture in Stone de Verona y el Royal Instutute of British Architects (RIBA) International Fellowship 2014. As\u00ed mismo, en 2014 fue elegido acad\u00e9mico de n\u00famero de la Secci\u00f3n de Arquitectura de la Real Academia de Bellas Artes de San Fernando de Espa\u00f1a. En 2015 fue galardonado con el BigMat Awards Berl\u00edn y con el Premio de Arquitectura Espa\u00f1ola Internacional (PAEI 2015). En 2018 ha sido nombrado Doctor Honoris Causa por la Universidad CEU San Pablo, ha recibido el Premio Piranesi de Roma por su trayectoria y el Daylight Award. En 2025 ha sido nombrado Hijo Adoptivo de la ciudad de C\u00e1diz.<\/p>\n\n\n\n<p>Sus obras han tenido un amplio reconocimiento. Desde la Casa Tur\u00e9gano o De Blas, ambas en Madrid, hasta las casas Gaspar, Asencio y Guerrero en C\u00e1diz. Y la Caja de Granada y el Museo MA, ambos en Granada. Y la plaza Entre Catedrales en C\u00e1diz y las casas Moliner en Zaragoza y Rufo en Toledo. La Casa Olnick Spanu en Nueva York y la Guarder\u00eda para Benetton en Venecia. Un edificio de oficinas en Zamora, la Casa del Infinito en C\u00e1diz, y la Casa Cala en Madrid. Primer Premio por el Centro de Conservaci\u00f3n para el Museo del Louvre en Lievin, Francia. El Polideportivo de la Universidad Francisco de Vitoria de Madrid. Recientemente ha terminado la Biblioteca del Liceo Franc\u00e9s de Madrid.<\/p>\n\n\n\n<p>Se han publicado m\u00e1s de 30 ediciones de su libro de textos \u201c<em>La Idea Construida<\/em>\u201d en varios idiomas. En 2009 se edit\u00f3 una segunda colecci\u00f3n de sus textos \u201c<em>Pensar con las Manos<\/em>\u201d, en 2012, \u201c<em>Principia Architectonica<\/em>\u201d, y en 2014, \u00a8<em>Poetica Architectonica<\/em>\u00a8. En 2015, su libro \u201cLa idea construida\u201d ha sido reeditado en ingl\u00e9s y chino, y la editorial Los libros de la Catarata, ha publicado \u201cQuiero ser arquitecto\u201d. Su obra completa ha sido recogida en un libro editado por Thames &amp; Hudson. En 2016, sus \u00faltimos textos han sido publicados bajo el t\u00edtulo \u201cVaria Architectonica\u201d y en 2017 se edit\u00f3 \u00abTeaching to teach\u00bb. Cree en la Arquitectura como Idea Construida. Y cree que los principales componentes de la Arquitectura son la Gravedad, que construye el espacio, y la Luz, que construye el tiempo. Y, en 2025 ha publicado Siete Maestros de Arquitectura en Ediciones Asim\u00e9tricas.<\/p>\n\n\n\n<p>Ha expuesto su obra en el Crown Hall de Mies en la IIT de Chicago y en la Bas\u00edlica de Palladio en Vicenza. En el Urban Center de Nueva York y en la Iglesia de Santa Irene en Estambul. Y en San Pietro in Montorio en Roma, en la prestigiosa MA Gallery de Toto en Tokyo o en el MAXXI de Roma. M\u00e1s recientemente en la American Academy of Arts and Letters de Nueva York y en la Fundaci\u00f3n Pibamarmi de Vicenza. En 2015 en el Colegio de arquitectos de C\u00e1diz. En 2016 en el Oris House of Architecture, en Zagreb. En 2017, en la Escuela de Arquitectura de Buffalo y en el Patio Herreriano de Valladolid. Y en 2018, en el Museo de la Universidad de Alicante. En 2025 su trabajo ha sido expuesto en La Casa de la Arquitectura, en el Ministerio de Vivienda. <\/p>\n\n\n\n<p><\/p>\n","protected":false},"excerpt":{"rendered":"<p>Naci\u00f3 en Valladolid, donde su abuelo era arquitecto, vivi\u00f3 desde [&hellip;]<\/p>\n","protected":false},"author":10000089,"featured_media":0,"parent":0,"menu_order":0,"comment_status":"closed","ping_status":"closed","template":"template-profile.php","meta":{"_acf_changed":true,"footnotes":""},"class_list":["post-26655","page","type-page","status-publish","hentry"],"acf":[],"yoast_head":"<!-- This site is optimized with the Yoast SEO plugin v27.3 - https:\/\/yoast.com\/product\/yoast-seo-wordpress\/ -->\n<title>Biograf\u00eda - Alberto Campo Baeza<\/title>\n<meta name=\"robots\" content=\"index, follow, max-snippet:-1, max-image-preview:large, max-video-preview:-1\" \/>\n<link rel=\"canonical\" href=\"https:\/\/www.campobaeza.com\/es\/biografia-2\/\" \/>\n<meta property=\"og:locale\" content=\"es_ES\" \/>\n<meta property=\"og:type\" content=\"article\" \/>\n<meta property=\"og:title\" content=\"Biograf\u00eda - Alberto Campo Baeza\" \/>\n<meta property=\"og:description\" content=\"Naci\u00f3 en Valladolid, donde su abuelo era arquitecto, vivi\u00f3 desde [&hellip;]\" \/>\n<meta property=\"og:url\" content=\"https:\/\/www.campobaeza.com\/es\/biografia-2\/\" \/>\n<meta property=\"og:site_name\" content=\"Alberto Campo Baeza\" \/>\n<meta property=\"article:modified_time\" content=\"2026-03-26T13:02:09+00:00\" \/>\n<meta name=\"twitter:card\" content=\"summary_large_image\" \/>\n<meta name=\"twitter:site\" content=\"@ACampoBaeza\" \/>\n<meta name=\"twitter:label1\" content=\"Tiempo de lectura\" \/>\n\t<meta name=\"twitter:data1\" content=\"7 minutos\" \/>\n<script type=\"application\/ld+json\" class=\"yoast-schema-graph\">{\"@context\":\"https:\\\/\\\/schema.org\",\"@graph\":[{\"@type\":\"WebPage\",\"@id\":\"https:\\\/\\\/www.campobaeza.com\\\/es\\\/biografia-2\\\/\",\"url\":\"https:\\\/\\\/www.campobaeza.com\\\/es\\\/biografia-2\\\/\",\"name\":\"Biograf\u00eda - Alberto Campo Baeza\",\"isPartOf\":{\"@id\":\"https:\\\/\\\/www.campobaeza.com\\\/#website\"},\"datePublished\":\"2025-02-03T08:11:00+00:00\",\"dateModified\":\"2026-03-26T13:02:09+00:00\",\"breadcrumb\":{\"@id\":\"https:\\\/\\\/www.campobaeza.com\\\/es\\\/biografia-2\\\/#breadcrumb\"},\"inLanguage\":\"es\",\"potentialAction\":[{\"@type\":\"ReadAction\",\"target\":[\"https:\\\/\\\/www.campobaeza.com\\\/es\\\/biografia-2\\\/\"]}]},{\"@type\":\"BreadcrumbList\",\"@id\":\"https:\\\/\\\/www.campobaeza.com\\\/es\\\/biografia-2\\\/#breadcrumb\",\"itemListElement\":[{\"@type\":\"ListItem\",\"position\":1,\"name\":\"Portada\",\"item\":\"https:\\\/\\\/www.campobaeza.com\\\/es\\\/\"},{\"@type\":\"ListItem\",\"position\":2,\"name\":\"Biograf\u00eda\"}]},{\"@type\":\"WebSite\",\"@id\":\"https:\\\/\\\/www.campobaeza.com\\\/#website\",\"url\":\"https:\\\/\\\/www.campobaeza.com\\\/\",\"name\":\"Alberto Campo Baeza\",\"description\":\"Estudio de Arquitectura de Alberto Campo Baeza\",\"publisher\":{\"@id\":\"https:\\\/\\\/www.campobaeza.com\\\/#organization\"},\"potentialAction\":[{\"@type\":\"SearchAction\",\"target\":{\"@type\":\"EntryPoint\",\"urlTemplate\":\"https:\\\/\\\/www.campobaeza.com\\\/?s={search_term_string}\"},\"query-input\":{\"@type\":\"PropertyValueSpecification\",\"valueRequired\":true,\"valueName\":\"search_term_string\"}}],\"inLanguage\":\"es\"},{\"@type\":\"Organization\",\"@id\":\"https:\\\/\\\/www.campobaeza.com\\\/#organization\",\"name\":\"Estudio de Arquitectura Campo Baeza S. L. P.\",\"url\":\"https:\\\/\\\/www.campobaeza.com\\\/\",\"logo\":{\"@type\":\"ImageObject\",\"inLanguage\":\"es\",\"@id\":\"https:\\\/\\\/www.campobaeza.com\\\/#\\\/schema\\\/logo\\\/image\\\/\",\"url\":\"https:\\\/\\\/www.campobaeza.com\\\/wp-content\\\/uploads\\\/2017\\\/03\\\/Logo-Alberto-01.jpg\",\"contentUrl\":\"https:\\\/\\\/www.campobaeza.com\\\/wp-content\\\/uploads\\\/2017\\\/03\\\/Logo-Alberto-01.jpg\",\"width\":2362,\"height\":2362,\"caption\":\"Estudio de Arquitectura Campo Baeza S. L. P.\"},\"image\":{\"@id\":\"https:\\\/\\\/www.campobaeza.com\\\/#\\\/schema\\\/logo\\\/image\\\/\"},\"sameAs\":[\"https:\\\/\\\/x.com\\\/ACampoBaeza\",\"https:\\\/\\\/www.instagram.com\\\/acampobaeza\",\"https:\\\/\\\/www.youtube.com\\\/channel\\\/UC3y9inL5nDYCB44h2Lf1E6Q?view_as=subscriber\"]}]}<\/script>\n<!-- \/ Yoast SEO plugin. -->","yoast_head_json":{"title":"Biograf\u00eda - Alberto Campo Baeza","robots":{"index":"index","follow":"follow","max-snippet":"max-snippet:-1","max-image-preview":"max-image-preview:large","max-video-preview":"max-video-preview:-1"},"canonical":"https:\/\/www.campobaeza.com\/es\/biografia-2\/","og_locale":"es_ES","og_type":"article","og_title":"Biograf\u00eda - Alberto Campo Baeza","og_description":"Naci\u00f3 en Valladolid, donde su abuelo era arquitecto, vivi\u00f3 desde [&hellip;]","og_url":"https:\/\/www.campobaeza.com\/es\/biografia-2\/","og_site_name":"Alberto Campo Baeza","article_modified_time":"2026-03-26T13:02:09+00:00","twitter_card":"summary_large_image","twitter_site":"@ACampoBaeza","twitter_misc":{"Tiempo de lectura":"7 minutos"},"schema":{"@context":"https:\/\/schema.org","@graph":[{"@type":"WebPage","@id":"https:\/\/www.campobaeza.com\/es\/biografia-2\/","url":"https:\/\/www.campobaeza.com\/es\/biografia-2\/","name":"Biograf\u00eda - Alberto Campo Baeza","isPartOf":{"@id":"https:\/\/www.campobaeza.com\/#website"},"datePublished":"2025-02-03T08:11:00+00:00","dateModified":"2026-03-26T13:02:09+00:00","breadcrumb":{"@id":"https:\/\/www.campobaeza.com\/es\/biografia-2\/#breadcrumb"},"inLanguage":"es","potentialAction":[{"@type":"ReadAction","target":["https:\/\/www.campobaeza.com\/es\/biografia-2\/"]}]},{"@type":"BreadcrumbList","@id":"https:\/\/www.campobaeza.com\/es\/biografia-2\/#breadcrumb","itemListElement":[{"@type":"ListItem","position":1,"name":"Portada","item":"https:\/\/www.campobaeza.com\/es\/"},{"@type":"ListItem","position":2,"name":"Biograf\u00eda"}]},{"@type":"WebSite","@id":"https:\/\/www.campobaeza.com\/#website","url":"https:\/\/www.campobaeza.com\/","name":"Alberto Campo Baeza","description":"Estudio de Arquitectura de Alberto Campo Baeza","publisher":{"@id":"https:\/\/www.campobaeza.com\/#organization"},"potentialAction":[{"@type":"SearchAction","target":{"@type":"EntryPoint","urlTemplate":"https:\/\/www.campobaeza.com\/?s={search_term_string}"},"query-input":{"@type":"PropertyValueSpecification","valueRequired":true,"valueName":"search_term_string"}}],"inLanguage":"es"},{"@type":"Organization","@id":"https:\/\/www.campobaeza.com\/#organization","name":"Estudio de Arquitectura Campo Baeza S. L. P.","url":"https:\/\/www.campobaeza.com\/","logo":{"@type":"ImageObject","inLanguage":"es","@id":"https:\/\/www.campobaeza.com\/#\/schema\/logo\/image\/","url":"https:\/\/www.campobaeza.com\/wp-content\/uploads\/2017\/03\/Logo-Alberto-01.jpg","contentUrl":"https:\/\/www.campobaeza.com\/wp-content\/uploads\/2017\/03\/Logo-Alberto-01.jpg","width":2362,"height":2362,"caption":"Estudio de Arquitectura Campo Baeza S. L. P."},"image":{"@id":"https:\/\/www.campobaeza.com\/#\/schema\/logo\/image\/"},"sameAs":["https:\/\/x.com\/ACampoBaeza","https:\/\/www.instagram.com\/acampobaeza","https:\/\/www.youtube.com\/channel\/UC3y9inL5nDYCB44h2Lf1E6Q?view_as=subscriber"]}]}},"_links":{"self":[{"href":"https:\/\/www.campobaeza.com\/es\/wp-json\/wp\/v2\/pages\/26655","targetHints":{"allow":["GET"]}}],"collection":[{"href":"https:\/\/www.campobaeza.com\/es\/wp-json\/wp\/v2\/pages"}],"about":[{"href":"https:\/\/www.campobaeza.com\/es\/wp-json\/wp\/v2\/types\/page"}],"author":[{"embeddable":true,"href":"https:\/\/www.campobaeza.com\/es\/wp-json\/wp\/v2\/users\/10000089"}],"replies":[{"embeddable":true,"href":"https:\/\/www.campobaeza.com\/es\/wp-json\/wp\/v2\/comments?post=26655"}],"version-history":[{"count":0,"href":"https:\/\/www.campobaeza.com\/es\/wp-json\/wp\/v2\/pages\/26655\/revisions"}],"wp:attachment":[{"href":"https:\/\/www.campobaeza.com\/es\/wp-json\/wp\/v2\/media?parent=26655"}],"curies":[{"name":"wp","href":"https:\/\/api.w.org\/{rel}","templated":true}]}}